{"id":339,"date":"2024-12-04T16:33:07","date_gmt":"2024-12-04T16:33:07","guid":{"rendered":"https:\/\/planetzados.planetpromo360.com.br\/?post_type=product&#038;p=339"},"modified":"2024-12-04T16:42:09","modified_gmt":"2024-12-04T16:42:09","slug":"caneca-acrilica-400ml-com-detalhe-oval-no-pegador","status":"publish","type":"product","link":"https:\/\/planetzados.planetpromo360.com.br\/index.php\/produto\/caneca-acrilica-400ml-com-detalhe-oval-no-pegador\/","title":{"rendered":"Caneca acr\u00edlica 400ml com detalhe oval no pegador"},"content":{"rendered":"<div class=\"descricao\">Caneca acr\u00edlica 400ml com detalhe oval no pegador, revestimento interno e detalhes em inox. Tamanho total aproximado: 11,6 cm x 12,6 cm Personalizado<\/div>\n","protected":false},"excerpt":{"rendered":"<p>Um windbanner, tamb\u00e9m conhecido como banner de vento, \u00e9 uma ferramenta de marketing eficaz para promover produtos ou eventos ao ar livre. Aqui est\u00e3o algumas informa\u00e7\u00f5es t\u00edpicas sobre windbanners:<\/p>\n","protected":false},"featured_media":340,"comment_status":"open","ping_status":"closed","template":"","meta":[],"product_cat":[24],"product_tag":[],"class_list":{"0":"post-339","1":"product","2":"type-product","3":"status-publish","4":"has-post-thumbnail","6":"product_cat-canecas","8":"first","9":"instock","10":"shipping-taxable","11":"purchasable","12":"product-type-simple"},"_links":{"self":[{"href":"https:\/\/planetzados.planetpromo360.com.br\/index.php\/wp-json\/wp\/v2\/product\/339","targetHints":{"allow":["GET"]}}],"collection":[{"href":"https:\/\/planetzados.planetpromo360.com.br\/index.php\/wp-json\/wp\/v2\/product"}],"about":[{"href":"https:\/\/planetzados.planetpromo360.com.br\/index.php\/wp-json\/wp\/v2\/types\/product"}],"replies":[{"embeddable":true,"href":"https:\/\/planetzados.planetpromo360.com.br\/index.php\/wp-json\/wp\/v2\/comments?post=339"}],"wp:featuredmedia":[{"embeddable":true,"href":"https:\/\/planetzados.planetpromo360.com.br\/index.php\/wp-json\/wp\/v2\/media\/340"}],"wp:attachment":[{"href":"https:\/\/planetzados.planetpromo360.com.br\/index.php\/wp-json\/wp\/v2\/media?parent=339"}],"wp:term":[{"taxonomy":"product_cat","embeddable":true,"href":"https:\/\/planetzados.planetpromo360.com.br\/index.php\/wp-json\/wp\/v2\/product_cat?post=339"},{"taxonomy":"product_tag","embeddable":true,"href":"https:\/\/planetzados.planetpromo360.com.br\/index.php\/wp-json\/wp\/v2\/product_tag?post=339"}],"curies":[{"name":"wp","href":"https:\/\/api.w.org\/{rel}","templated":true}]}}